{"id":1959,"date":"2017-11-06T14:44:26","date_gmt":"2017-11-06T13:44:26","guid":{"rendered":"https:\/\/www.systemischescoaching-berlin.de\/kontakt\/"},"modified":"2026-02-09T13:20:05","modified_gmt":"2026-02-09T12:20:05","slug":"contact","status":"publish","type":"page","link":"https:\/\/www.systemischescoaching-berlin.de\/en\/contact\/","title":{"rendered":"Contact"},"content":{"rendered":"<section class=\"l-section wpb_row header--page contact-header height_huge with_img\" id=\"header--page\"><div class=\"l-section-img\" role=\"img\" aria-label=\"Image\" data-img-width=\"1872\" data-img-height=\"468\" style=\"background-image: url(https:\/\/www.systemischescoaching-berlin.de\/wp-content\/uploads\/2017\/11\/GH_contact_header2.jpg);\"><\/div><div class=\"l-section-h i-cf\"><div class=\"g-cols vc_row via_flex valign_top type_default stacking_default\"><div class=\"vc_col-sm-12 wpb_column vc_column_container\"><div class=\"vc_column-inner\"><div class=\"wpb_wrapper\"><\/div><\/div><\/div><\/div><\/div><\/section><section class=\"l-section wpb_row height_medium\"><div class=\"l-section-h i-cf\"><div class=\"g-cols vc_row via_flex valign_top type_default stacking_default\"><div class=\"vc_col-sm-12 wpb_column vc_column_container\"><div class=\"vc_column-inner\"><div class=\"wpb_wrapper\"><div class=\"wpb_text_column\"><div class=\"wpb_wrapper\"><h1 style=\"text-align: center;\">Contact<\/h1>\n<\/div><\/div><div class=\"w-separator size_medium\"><\/div><div class=\"wpb_text_column\"><div class=\"wpb_wrapper\"><p class=\"lead\" style=\"text-align: center;\">Please contact me for a non-binding initial meeting, a quotation or any further questions.<\/p>\n<\/div><\/div><div class=\"w-separator size_small\"><\/div><div class=\"w-btn-wrapper align_center\"><a class=\"w-btn us-btn-style_1\" target=\"_blank\" rel=\"nofollow\" href=\"https:\/\/calendly.com\/systemischescoaching-berlin\"><span class=\"w-btn-label\">Book an Appointment<\/span><\/a><\/div><div class=\"w-separator size_small\"><\/div><div class=\"wpb_text_column\"><div class=\"wpb_wrapper\"><p style=\"text-align: center;\"><a href=\"mailto:systemischescoaching@icloud.com\">systemischescoaching@icloud.com<\/a><br \/>\n+49 (0) 172 72 59964<br \/>\nTempliner Stra\u00dfe 12B<br \/>\nD-Berlin 10119<\/p>\n<\/div><\/div><\/div><\/div><\/div><\/div><\/div><\/section><section class=\"l-section wpb_row height_medium\"><div class=\"l-section-h i-cf\"><div class=\"g-cols vc_row via_flex valign_top type_default stacking_default\"><div class=\"vc_col-sm-12 wpb_column vc_column_container\"><div class=\"vc_column-inner\"><div class=\"wpb_wrapper\"><div class=\"w-separator size_medium\"><\/div><\/div><\/div><\/div><\/div><\/div><\/section>\n","protected":false},"excerpt":{"rendered":"Contact Please contact me for a non-binding initial meeting, a quotation or any further questions. Book an Appointmentsystemischescoaching@icloud.com +49 (0) 172 72 59964 Templiner Stra\u00dfe 12B D-Berlin 10119","protected":false},"author":1,"featured_media":0,"parent":0,"menu_order":0,"comment_status":"closed","ping_status":"closed","template":"","meta":{"inline_featured_image":false,"footnotes":""},"class_list":["post-1959","page","type-page","status-publish","hentry"],"yoast_head":"<!-- This site is optimized with the Yoast SEO plugin v26.3 - https:\/\/yoast.com\/wordpress\/plugins\/seo\/ -->\n<title>Contact - Systemisches Business Coaching &amp; Eignungsdiagnostik, Berlin<\/title>\n<meta name=\"description\" content=\"Bitte kontaktieren Sie mich f\u00fcr ein unverbindliches Vorgespr\u00e4ch, eine Angebotserstellung oder R\u00fcckfragen.\" \/>\n<meta name=\"robots\" content=\"index, follow, max-snippet:-1, max-image-preview:large, max-video-preview:-1\" \/>\n<link rel=\"canonical\" href=\"https:\/\/www.systemischescoaching-berlin.de\/en\/contact\/\" \/>\n<meta property=\"og:locale\" content=\"en_US\" \/>\n<meta property=\"og:type\" content=\"article\" \/>\n<meta property=\"og:title\" content=\"Contact - Systemisches Business Coaching &amp; Eignungsdiagnostik, Berlin\" \/>\n<meta property=\"og:description\" content=\"Bitte kontaktieren Sie mich f\u00fcr ein unverbindliches Vorgespr\u00e4ch, eine Angebotserstellung oder R\u00fcckfragen.\" \/>\n<meta property=\"og:url\" content=\"https:\/\/www.systemischescoaching-berlin.de\/en\/contact\/\" \/>\n<meta property=\"og:site_name\" content=\"Systemisches Business Coaching &amp; Eignungsdiagnostik, Berlin\" \/>\n<meta property=\"article:modified_time\" content=\"2026-02-09T12:20:05+00:00\" \/>\n<meta name=\"twitter:card\" content=\"summary_large_image\" \/>\n<meta name=\"twitter:site\" content=\"@byHerz\" \/>\n<meta name=\"twitter:label1\" content=\"Est. reading time\" \/>\n\t<meta name=\"twitter:data1\" content=\"1 minute\" \/>\n<script type=\"application\/ld+json\" class=\"yoast-schema-graph\">{\"@context\":\"https:\/\/schema.org\",\"@graph\":[{\"@type\":\"WebPage\",\"@id\":\"https:\/\/www.systemischescoaching-berlin.de\/en\/contact\/\",\"url\":\"https:\/\/www.systemischescoaching-berlin.de\/en\/contact\/\",\"name\":\"Contact - Systemisches Business Coaching &amp; Eignungsdiagnostik, Berlin\",\"isPartOf\":{\"@id\":\"https:\/\/www.systemischescoaching-berlin.de\/en\/#website\"},\"datePublished\":\"2017-11-06T13:44:26+00:00\",\"dateModified\":\"2026-02-09T12:20:05+00:00\",\"description\":\"Bitte kontaktieren Sie mich f\u00fcr ein unverbindliches Vorgespr\u00e4ch, eine Angebotserstellung oder R\u00fcckfragen.\",\"breadcrumb\":{\"@id\":\"https:\/\/www.systemischescoaching-berlin.de\/en\/contact\/#breadcrumb\"},\"inLanguage\":\"en-US\",\"potentialAction\":[{\"@type\":\"ReadAction\",\"target\":[\"https:\/\/www.systemischescoaching-berlin.de\/en\/contact\/\"]}]},{\"@type\":\"BreadcrumbList\",\"@id\":\"https:\/\/www.systemischescoaching-berlin.de\/en\/contact\/#breadcrumb\",\"itemListElement\":[{\"@type\":\"ListItem\",\"position\":1,\"name\":\"Startseite\",\"item\":\"https:\/\/www.systemischescoaching-berlin.de\/en\/\"},{\"@type\":\"ListItem\",\"position\":2,\"name\":\"Contact\"}]},{\"@type\":\"WebSite\",\"@id\":\"https:\/\/www.systemischescoaching-berlin.de\/en\/#website\",\"url\":\"https:\/\/www.systemischescoaching-berlin.de\/en\/\",\"name\":\"Systemisches Business Coaching &amp; Eignungsdiagnostik, Berlin\",\"description\":\"Gabriele Herz - Coach f\u00fcr systemisches Business Coaching und Eignungsdiagnostik, Berlin\",\"publisher\":{\"@id\":\"https:\/\/www.systemischescoaching-berlin.de\/en\/#\/schema\/person\/9cf4f119ad95d2c0293b9cf4280da9ba\"},\"potentialAction\":[{\"@type\":\"SearchAction\",\"target\":{\"@type\":\"EntryPoint\",\"urlTemplate\":\"https:\/\/www.systemischescoaching-berlin.de\/en\/?s={search_term_string}\"},\"query-input\":{\"@type\":\"PropertyValueSpecification\",\"valueRequired\":true,\"valueName\":\"search_term_string\"}}],\"inLanguage\":\"en-US\"},{\"@type\":[\"Person\",\"Organization\"],\"@id\":\"https:\/\/www.systemischescoaching-berlin.de\/en\/#\/schema\/person\/9cf4f119ad95d2c0293b9cf4280da9ba\",\"name\":\"Gabriele Herz\",\"logo\":{\"@id\":\"https:\/\/www.systemischescoaching-berlin.de\/en\/#\/schema\/person\/image\/\"}}]}<\/script>\n<!-- \/ Yoast SEO plugin. -->","yoast_head_json":{"title":"Contact - Systemisches Business Coaching &amp; Eignungsdiagnostik, Berlin","description":"Bitte kontaktieren Sie mich f\u00fcr ein unverbindliches Vorgespr\u00e4ch, eine Angebotserstellung oder R\u00fcckfragen.","robots":{"index":"index","follow":"follow","max-snippet":"max-snippet:-1","max-image-preview":"max-image-preview:large","max-video-preview":"max-video-preview:-1"},"canonical":"https:\/\/www.systemischescoaching-berlin.de\/en\/contact\/","og_locale":"en_US","og_type":"article","og_title":"Contact - Systemisches Business Coaching &amp; Eignungsdiagnostik, Berlin","og_description":"Bitte kontaktieren Sie mich f\u00fcr ein unverbindliches Vorgespr\u00e4ch, eine Angebotserstellung oder R\u00fcckfragen.","og_url":"https:\/\/www.systemischescoaching-berlin.de\/en\/contact\/","og_site_name":"Systemisches Business Coaching &amp; Eignungsdiagnostik, Berlin","article_modified_time":"2026-02-09T12:20:05+00:00","twitter_card":"summary_large_image","twitter_site":"@byHerz","twitter_misc":{"Est. reading time":"1 minute"},"schema":{"@context":"https:\/\/schema.org","@graph":[{"@type":"WebPage","@id":"https:\/\/www.systemischescoaching-berlin.de\/en\/contact\/","url":"https:\/\/www.systemischescoaching-berlin.de\/en\/contact\/","name":"Contact - Systemisches Business Coaching &amp; Eignungsdiagnostik, Berlin","isPartOf":{"@id":"https:\/\/www.systemischescoaching-berlin.de\/en\/#website"},"datePublished":"2017-11-06T13:44:26+00:00","dateModified":"2026-02-09T12:20:05+00:00","description":"Bitte kontaktieren Sie mich f\u00fcr ein unverbindliches Vorgespr\u00e4ch, eine Angebotserstellung oder R\u00fcckfragen.","breadcrumb":{"@id":"https:\/\/www.systemischescoaching-berlin.de\/en\/contact\/#breadcrumb"},"inLanguage":"en-US","potentialAction":[{"@type":"ReadAction","target":["https:\/\/www.systemischescoaching-berlin.de\/en\/contact\/"]}]},{"@type":"BreadcrumbList","@id":"https:\/\/www.systemischescoaching-berlin.de\/en\/contact\/#breadcrumb","itemListElement":[{"@type":"ListItem","position":1,"name":"Startseite","item":"https:\/\/www.systemischescoaching-berlin.de\/en\/"},{"@type":"ListItem","position":2,"name":"Contact"}]},{"@type":"WebSite","@id":"https:\/\/www.systemischescoaching-berlin.de\/en\/#website","url":"https:\/\/www.systemischescoaching-berlin.de\/en\/","name":"Systemisches Business Coaching &amp; Eignungsdiagnostik, Berlin","description":"Gabriele Herz - Coach f\u00fcr systemisches Business Coaching und Eignungsdiagnostik, Berlin","publisher":{"@id":"https:\/\/www.systemischescoaching-berlin.de\/en\/#\/schema\/person\/9cf4f119ad95d2c0293b9cf4280da9ba"},"potentialAction":[{"@type":"SearchAction","target":{"@type":"EntryPoint","urlTemplate":"https:\/\/www.systemischescoaching-berlin.de\/en\/?s={search_term_string}"},"query-input":{"@type":"PropertyValueSpecification","valueRequired":true,"valueName":"search_term_string"}}],"inLanguage":"en-US"},{"@type":["Person","Organization"],"@id":"https:\/\/www.systemischescoaching-berlin.de\/en\/#\/schema\/person\/9cf4f119ad95d2c0293b9cf4280da9ba","name":"Gabriele Herz","logo":{"@id":"https:\/\/www.systemischescoaching-berlin.de\/en\/#\/schema\/person\/image\/"}}]}},"_links":{"self":[{"href":"https:\/\/www.systemischescoaching-berlin.de\/en\/wp-json\/wp\/v2\/pages\/1959","targetHints":{"allow":["GET"]}}],"collection":[{"href":"https:\/\/www.systemischescoaching-berlin.de\/en\/wp-json\/wp\/v2\/pages"}],"about":[{"href":"https:\/\/www.systemischescoaching-berlin.de\/en\/wp-json\/wp\/v2\/types\/page"}],"author":[{"embeddable":true,"href":"https:\/\/www.systemischescoaching-berlin.de\/en\/wp-json\/wp\/v2\/users\/1"}],"replies":[{"embeddable":true,"href":"https:\/\/www.systemischescoaching-berlin.de\/en\/wp-json\/wp\/v2\/comments?post=1959"}],"version-history":[{"count":4,"href":"https:\/\/www.systemischescoaching-berlin.de\/en\/wp-json\/wp\/v2\/pages\/1959\/revisions"}],"predecessor-version":[{"id":2330,"href":"https:\/\/www.systemischescoaching-berlin.de\/en\/wp-json\/wp\/v2\/pages\/1959\/revisions\/2330"}],"wp:attachment":[{"href":"https:\/\/www.systemischescoaching-berlin.de\/en\/wp-json\/wp\/v2\/media?parent=1959"}],"curies":[{"name":"wp","href":"https:\/\/api.w.org\/{rel}","templated":true}]}}