{"id":1973,"date":"2017-11-06T14:44:56","date_gmt":"2017-11-06T13:44:56","guid":{"rendered":"https:\/\/www.systemischescoaching-berlin.de\/impressum\/"},"modified":"2022-03-30T13:00:36","modified_gmt":"2022-03-30T11:00:36","slug":"imprint","status":"publish","type":"page","link":"https:\/\/www.systemischescoaching-berlin.de\/en\/imprint\/","title":{"rendered":"Imprint"},"content":{"rendered":"<section class=\"l-section wpb_row height_medium\"><div class=\"l-section-h i-cf\"><div class=\"g-cols vc_row via_flex valign_top type_default stacking_default\"><div class=\"vc_col-sm-12 vc_col-lg-offset-2 vc_col-lg-8 wpb_column vc_column_container\"><div class=\"vc_column-inner\"><div class=\"wpb_wrapper\"><div class=\"wpb_text_column\"><div class=\"wpb_wrapper\"><h1>Imprint<\/h1>\n<p>Company information according to \u00a7 5 TMG and \u00a7 2 DL-InfoV<br \/>\nSystemic Business Coaching &amp; Aptitude Diagnostics<\/p>\n<p>Gabriele Herz<br \/>\nTempliner Stra\u00dfe 12B<br \/>\nD-Berlin 10119<\/p>\n<p>eMail: gherz(at)systemischescoaching-berlin.de<br \/>\nInternet: www.Systemischescoaching-berlin.de<\/p>\n<h3>Disclaimer<\/h3>\n<p><strong>Liability for contents<\/strong><\/p>\n<p>As a service provider, we are responsible for our own content on these pages in accordance with \u00a7 7 Para. 1 of the German Telemedia Act (TMG). According to \u00a7\u00a7 8 to 10 TMG we are not obligated to monitor transmitted or stored information or to investigate circumstances that indicate illegal activity. Obligations to remove or block the use of information under the general laws remain unaffected. However, liability in this regard is only possible from the point in time at which a concrete infringement of the law becomes known. If we become aware of any such infringements, we will remove the relevant content immediately.<\/p>\n<p><strong>Liability for links<\/strong><\/p>\n<p>Our offer contains links to external websites of third parties, on whose contents we have no influence. Therefore, we cannot assume any liability for these external contents. The respective provider or operator of the pages is always responsible for the content of the linked pages. The linked pages were checked for possible legal violations at the time of linking. Illegal contents were not recognizable at the time of linking. However, a permanent control of the contents of the linked pages is not reasonable without concrete evidence of a violation of the law. If we become aware of any infringements, we will remove such links immediately.<\/p>\n<p><strong>Copyright<\/strong><\/p>\n<p>The contents and works created by the site operators on these pages are subject to German copyright law. Duplication, processing, distribution, or any form of commercialization of such material beyond the scope of the copyright law shall require the prior written consent of its respective author or creator. Downloads and copies of this site are only permitted for private, non-commercial use. Insofar as the content on this site was not created by the operator, the copyrights of third parties are respected. In particular, third-party content is identified as such. Should you nevertheless become aware of a copyright infringement, please inform us accordingly. If we become aware of any infringements, we will remove such content immediately.<\/p>\n<p><strong>Google Analytics<\/strong><\/p>\n<p>Google Analytics is a web analytics service provided by Google. Google uses the data collected to track and study the use of this site, create activity reports and share them with other Google services. Google may use the collected data to contextualize and personalize ads on its advertising network.<\/p>\n<p>Personal data collected: Cookie and usage data. Location of data processing: USA. <a href=\"http:\/\/www.google.com\/intl\/de\/policies\/privacy\/\">You can find Google&#8217;s privacy agreement here<\/a>.<\/p>\n<p class=\"para-22\"><strong><span class=\"font-15\">Credits:<\/span><\/strong><\/p>\n<p class=\"para-22\"><span class=\"font-15\">Coletta Ehrmann (2),\u00a0Helloquence on Unsplash,\u00a0Marjan Grabowski on Unsplash,\u00a0Samuel Zeller on Unsplash,\u00a0pixabay.com, Jos\u00e9 Mart\u00edn Ram\u00edrez C on Unsplash<\/span><\/p>\n<\/div><\/div><\/div><\/div><\/div><\/div><\/div><\/section>\n","protected":false},"excerpt":{"rendered":"Imprint Company information according to \u00a7 5 TMG and \u00a7 2 DL-InfoV Systemic Business Coaching &amp; Aptitude Diagnostics Gabriele Herz Templiner Stra\u00dfe 12B D-Berlin 10119 eMail: gherz(at)systemischescoaching-berlin.de Internet: www.Systemischescoaching-berlin.de Disclaimer Liability for contents As a service provider, we are responsible for our own content on these pages in accordance with \u00a7 7 Para. 1 of...","protected":false},"author":1,"featured_media":0,"parent":0,"menu_order":0,"comment_status":"closed","ping_status":"closed","template":"","meta":{"inline_featured_image":false,"footnotes":""},"class_list":["post-1973","page","type-page","status-publish","hentry"],"yoast_head":"<!-- This site is optimized with the Yoast SEO plugin v26.3 - https:\/\/yoast.com\/wordpress\/plugins\/seo\/ -->\n<title>Imprint - Systemisches Business Coaching &amp; Eignungsdiagnostik, Berlin<\/title>\n<meta name=\"description\" content=\"Systemisches Business Coaching &amp; Eignungsdiagnostik, Berlin\" \/>\n<meta name=\"robots\" content=\"index, follow, max-snippet:-1, max-image-preview:large, max-video-preview:-1\" \/>\n<link rel=\"canonical\" href=\"https:\/\/www.systemischescoaching-berlin.de\/en\/imprint\/\" \/>\n<meta property=\"og:locale\" content=\"en_US\" \/>\n<meta property=\"og:type\" content=\"article\" \/>\n<meta property=\"og:title\" content=\"Imprint - Systemisches Business Coaching &amp; Eignungsdiagnostik, Berlin\" \/>\n<meta property=\"og:description\" content=\"Systemisches Business Coaching &amp; Eignungsdiagnostik, Berlin\" \/>\n<meta property=\"og:url\" content=\"https:\/\/www.systemischescoaching-berlin.de\/en\/imprint\/\" \/>\n<meta property=\"og:site_name\" content=\"Systemisches Business Coaching &amp; Eignungsdiagnostik, Berlin\" \/>\n<meta property=\"article:modified_time\" content=\"2022-03-30T11:00:36+00:00\" \/>\n<meta name=\"twitter:card\" content=\"summary_large_image\" \/>\n<meta name=\"twitter:site\" content=\"@byHerz\" \/>\n<meta name=\"twitter:label1\" content=\"Est. reading time\" \/>\n\t<meta name=\"twitter:data1\" content=\"3 minutes\" \/>\n<script type=\"application\/ld+json\" class=\"yoast-schema-graph\">{\"@context\":\"https:\/\/schema.org\",\"@graph\":[{\"@type\":\"WebPage\",\"@id\":\"https:\/\/www.systemischescoaching-berlin.de\/en\/imprint\/\",\"url\":\"https:\/\/www.systemischescoaching-berlin.de\/en\/imprint\/\",\"name\":\"Imprint - Systemisches Business Coaching &amp; Eignungsdiagnostik, Berlin\",\"isPartOf\":{\"@id\":\"https:\/\/www.systemischescoaching-berlin.de\/en\/#website\"},\"datePublished\":\"2017-11-06T13:44:56+00:00\",\"dateModified\":\"2022-03-30T11:00:36+00:00\",\"description\":\"Systemisches Business Coaching &amp; Eignungsdiagnostik, Berlin\",\"breadcrumb\":{\"@id\":\"https:\/\/www.systemischescoaching-berlin.de\/en\/imprint\/#breadcrumb\"},\"inLanguage\":\"en-US\",\"potentialAction\":[{\"@type\":\"ReadAction\",\"target\":[\"https:\/\/www.systemischescoaching-berlin.de\/en\/imprint\/\"]}]},{\"@type\":\"BreadcrumbList\",\"@id\":\"https:\/\/www.systemischescoaching-berlin.de\/en\/imprint\/#breadcrumb\",\"itemListElement\":[{\"@type\":\"ListItem\",\"position\":1,\"name\":\"Startseite\",\"item\":\"https:\/\/www.systemischescoaching-berlin.de\/en\/\"},{\"@type\":\"ListItem\",\"position\":2,\"name\":\"Imprint\"}]},{\"@type\":\"WebSite\",\"@id\":\"https:\/\/www.systemischescoaching-berlin.de\/en\/#website\",\"url\":\"https:\/\/www.systemischescoaching-berlin.de\/en\/\",\"name\":\"Systemisches Business Coaching &amp; Eignungsdiagnostik, Berlin\",\"description\":\"Gabriele Herz - Coach f\u00fcr systemisches Business Coaching und Eignungsdiagnostik, Berlin\",\"publisher\":{\"@id\":\"https:\/\/www.systemischescoaching-berlin.de\/en\/#\/schema\/person\/9cf4f119ad95d2c0293b9cf4280da9ba\"},\"potentialAction\":[{\"@type\":\"SearchAction\",\"target\":{\"@type\":\"EntryPoint\",\"urlTemplate\":\"https:\/\/www.systemischescoaching-berlin.de\/en\/?s={search_term_string}\"},\"query-input\":{\"@type\":\"PropertyValueSpecification\",\"valueRequired\":true,\"valueName\":\"search_term_string\"}}],\"inLanguage\":\"en-US\"},{\"@type\":[\"Person\",\"Organization\"],\"@id\":\"https:\/\/www.systemischescoaching-berlin.de\/en\/#\/schema\/person\/9cf4f119ad95d2c0293b9cf4280da9ba\",\"name\":\"Gabriele Herz\",\"logo\":{\"@id\":\"https:\/\/www.systemischescoaching-berlin.de\/en\/#\/schema\/person\/image\/\"}}]}<\/script>\n<!-- \/ Yoast SEO plugin. -->","yoast_head_json":{"title":"Imprint - Systemisches Business Coaching &amp; Eignungsdiagnostik, Berlin","description":"Systemisches Business Coaching &amp; Eignungsdiagnostik, Berlin","robots":{"index":"index","follow":"follow","max-snippet":"max-snippet:-1","max-image-preview":"max-image-preview:large","max-video-preview":"max-video-preview:-1"},"canonical":"https:\/\/www.systemischescoaching-berlin.de\/en\/imprint\/","og_locale":"en_US","og_type":"article","og_title":"Imprint - Systemisches Business Coaching &amp; Eignungsdiagnostik, Berlin","og_description":"Systemisches Business Coaching &amp; Eignungsdiagnostik, Berlin","og_url":"https:\/\/www.systemischescoaching-berlin.de\/en\/imprint\/","og_site_name":"Systemisches Business Coaching &amp; Eignungsdiagnostik, Berlin","article_modified_time":"2022-03-30T11:00:36+00:00","twitter_card":"summary_large_image","twitter_site":"@byHerz","twitter_misc":{"Est. reading time":"3 minutes"},"schema":{"@context":"https:\/\/schema.org","@graph":[{"@type":"WebPage","@id":"https:\/\/www.systemischescoaching-berlin.de\/en\/imprint\/","url":"https:\/\/www.systemischescoaching-berlin.de\/en\/imprint\/","name":"Imprint - Systemisches Business Coaching &amp; Eignungsdiagnostik, Berlin","isPartOf":{"@id":"https:\/\/www.systemischescoaching-berlin.de\/en\/#website"},"datePublished":"2017-11-06T13:44:56+00:00","dateModified":"2022-03-30T11:00:36+00:00","description":"Systemisches Business Coaching &amp; Eignungsdiagnostik, Berlin","breadcrumb":{"@id":"https:\/\/www.systemischescoaching-berlin.de\/en\/imprint\/#breadcrumb"},"inLanguage":"en-US","potentialAction":[{"@type":"ReadAction","target":["https:\/\/www.systemischescoaching-berlin.de\/en\/imprint\/"]}]},{"@type":"BreadcrumbList","@id":"https:\/\/www.systemischescoaching-berlin.de\/en\/imprint\/#breadcrumb","itemListElement":[{"@type":"ListItem","position":1,"name":"Startseite","item":"https:\/\/www.systemischescoaching-berlin.de\/en\/"},{"@type":"ListItem","position":2,"name":"Imprint"}]},{"@type":"WebSite","@id":"https:\/\/www.systemischescoaching-berlin.de\/en\/#website","url":"https:\/\/www.systemischescoaching-berlin.de\/en\/","name":"Systemisches Business Coaching &amp; Eignungsdiagnostik, Berlin","description":"Gabriele Herz - Coach f\u00fcr systemisches Business Coaching und Eignungsdiagnostik, Berlin","publisher":{"@id":"https:\/\/www.systemischescoaching-berlin.de\/en\/#\/schema\/person\/9cf4f119ad95d2c0293b9cf4280da9ba"},"potentialAction":[{"@type":"SearchAction","target":{"@type":"EntryPoint","urlTemplate":"https:\/\/www.systemischescoaching-berlin.de\/en\/?s={search_term_string}"},"query-input":{"@type":"PropertyValueSpecification","valueRequired":true,"valueName":"search_term_string"}}],"inLanguage":"en-US"},{"@type":["Person","Organization"],"@id":"https:\/\/www.systemischescoaching-berlin.de\/en\/#\/schema\/person\/9cf4f119ad95d2c0293b9cf4280da9ba","name":"Gabriele Herz","logo":{"@id":"https:\/\/www.systemischescoaching-berlin.de\/en\/#\/schema\/person\/image\/"}}]}},"_links":{"self":[{"href":"https:\/\/www.systemischescoaching-berlin.de\/en\/wp-json\/wp\/v2\/pages\/1973","targetHints":{"allow":["GET"]}}],"collection":[{"href":"https:\/\/www.systemischescoaching-berlin.de\/en\/wp-json\/wp\/v2\/pages"}],"about":[{"href":"https:\/\/www.systemischescoaching-berlin.de\/en\/wp-json\/wp\/v2\/types\/page"}],"author":[{"embeddable":true,"href":"https:\/\/www.systemischescoaching-berlin.de\/en\/wp-json\/wp\/v2\/users\/1"}],"replies":[{"embeddable":true,"href":"https:\/\/www.systemischescoaching-berlin.de\/en\/wp-json\/wp\/v2\/comments?post=1973"}],"version-history":[{"count":3,"href":"https:\/\/www.systemischescoaching-berlin.de\/en\/wp-json\/wp\/v2\/pages\/1973\/revisions"}],"predecessor-version":[{"id":1985,"href":"https:\/\/www.systemischescoaching-berlin.de\/en\/wp-json\/wp\/v2\/pages\/1973\/revisions\/1985"}],"wp:attachment":[{"href":"https:\/\/www.systemischescoaching-berlin.de\/en\/wp-json\/wp\/v2\/media?parent=1973"}],"curies":[{"name":"wp","href":"https:\/\/api.w.org\/{rel}","templated":true}]}}